{"id":12871,"date":"2020-02-19T03:14:06","date_gmt":"2020-02-19T02:14:06","guid":{"rendered":"https:\/\/radonpro.dk\/?page_id=12871"},"modified":"2020-09-14T12:09:39","modified_gmt":"2020-09-14T11:09:39","slug":"kloerupvej","status":"publish","type":"page","link":"https:\/\/radonpro.dk\/en\/cases-og-referencer\/kloerupvej\/","title":{"rendered":"Kl\u00f8rupvej"},"content":{"rendered":"<div class=\"vc_row wpb_row vc_row-fluid light vc_custom_1582076252644 vc_row-has-fill amz-remove-margin mpc-row\"><div class=\"container\"><div class=\"vc_row vc_row-fluid vc_row-has-fill\"><div class=\"wpb_column vc_column_container vc_col-sm-12 mpc-column\" data-column-id=\"mpc_column-6769e126ab3fcdb\"><div class=\"vc_column-inner \"><div class=\"wpb_wrapper\"><div class=\"gradient-text-con \"><div class=\"gradient-text\" style=\"color:#f7931e;\r\n\t\t\t\t\t    background: -webkit-linear-gradient(left, #f7931e,#ff6000);background-color:transparent;font-size: 42px;\">KL&Oslash;RUPVEJ<\/div><\/div>\n\t<div class=\"wpb_text_column wpb_content_element \">\n\t\t<div class=\"wpb_wrapper\">\n\t\t\t<p style=\"text-align: center;\">Totalrenovering af &aelig;ldre &ndash; okay, kan vist godt sige gammel &ndash; g&aring;rd, som inkluderer radonsikring med RAD X membran med t&aelig;tning mod sokkel. Membranen er placeret sikkert mellem polystyrenlagene og lever op til dagens standarder. Alle r&oslash;ropf&oslash;rsler er t&aelig;tnet med RAD F og RAD 1.<\/p>\n\n\t\t<\/div>\n\t<\/div>\n<div class=\"vc_row wpb_row vc_inner vc_row-fluid mpc-row\"><div class=\"wpb_column vc_column_container vc_col-sm-10 mpc-column\" data-column-id=\"mpc_column-8369e126ab3d8e5\"><div class=\"vc_column-inner\"><div class=\"wpb_wrapper\"><div id=\"mpc_grid_images-4069e126ab3bfd4\" class=\"mpc-grid-images mpc-init mpc-effect--none  mpc-overlay--slide-right\" data-grid-cols=\"4\" data-align=\"middle-center\"><div class=\"mpc-item\"><div onclick=\"\" class=\"mpc-grid__image mpc-transition\"><img loading=\"lazy\" decoding=\"async\" width=\"3024\" height=\"4032\" src=\"https:\/\/i.imgur.com\/ynu9jpt.jpg\" class=\"mpc-transition attachment-large\" alt=\"\" title=\"ynu9jpt\"><div class=\"mpc-item-overlay mpc-transition\"><div class=\"mpc-overlay--vertical-wrap\"><div class=\"mpc-overlay--vertical\"><a href=\"https:\/\/i.imgur.com\/ynu9jpt.jpg\" rel=\"mpc[mpc_grid_images-4069e126ab3bfd4]\" class=\"mpc-icon-anchor mpc-magnific-popup\"><i class=\"mpc-item-overlay__icon mpc-type--lightbox etl etl-camera mpc-icon--icon\"><\/i><\/a><\/div><\/div><\/div><\/div><\/div><div class=\"mpc-item\"><div onclick=\"\" class=\"mpc-grid__image mpc-transition\"><img loading=\"lazy\" decoding=\"async\" width=\"3024\" height=\"4032\" src=\"https:\/\/i.imgur.com\/rEysrXh.jpg\" class=\"mpc-transition attachment-large\" alt=\"\" title=\"rEysrXh\"><div class=\"mpc-item-overlay mpc-transition\"><div class=\"mpc-overlay--vertical-wrap\"><div class=\"mpc-overlay--vertical\"><a href=\"https:\/\/i.imgur.com\/rEysrXh.jpg\" rel=\"mpc[mpc_grid_images-4069e126ab3bfd4]\" class=\"mpc-icon-anchor mpc-magnific-popup\"><i class=\"mpc-item-overlay__icon mpc-type--lightbox etl etl-camera mpc-icon--icon\"><\/i><\/a><\/div><\/div><\/div><\/div><\/div><div class=\"mpc-item\"><div onclick=\"\" class=\"mpc-grid__image mpc-transition\"><img loading=\"lazy\" decoding=\"async\" width=\"3024\" height=\"4032\" src=\"https:\/\/i.imgur.com\/ahZN8Ii.jpg\" class=\"mpc-transition attachment-large\" alt=\"\" title=\"ahZN8Ii\"><div class=\"mpc-item-overlay mpc-transition\"><div class=\"mpc-overlay--vertical-wrap\"><div class=\"mpc-overlay--vertical\"><a href=\"https:\/\/i.imgur.com\/ahZN8Ii.jpg\" rel=\"mpc[mpc_grid_images-4069e126ab3bfd4]\" class=\"mpc-icon-anchor mpc-magnific-popup\"><i class=\"mpc-item-overlay__icon mpc-type--lightbox etl etl-camera mpc-icon--icon\"><\/i><\/a><\/div><\/div><\/div><\/div><\/div><div class=\"mpc-item\"><div onclick=\"\" class=\"mpc-grid__image mpc-transition\"><img loading=\"lazy\" decoding=\"async\" width=\"3024\" height=\"4032\" src=\"https:\/\/i.imgur.com\/YNfNp3x.jpg\" class=\"mpc-transition attachment-large\" alt=\"\" title=\"YNfNp3x\"><div class=\"mpc-item-overlay mpc-transition\"><div class=\"mpc-overlay--vertical-wrap\"><div class=\"mpc-overlay--vertical\"><a href=\"https:\/\/i.imgur.com\/YNfNp3x.jpg\" rel=\"mpc[mpc_grid_images-4069e126ab3bfd4]\" class=\"mpc-icon-anchor mpc-magnific-popup\"><i class=\"mpc-item-overlay__icon mpc-type--lightbox etl etl-camera mpc-icon--icon\"><\/i><\/a><\/div><\/div><\/div><\/div><\/div><div class=\"mpc-item\"><div onclick=\"\" class=\"mpc-grid__image mpc-transition\"><img loading=\"lazy\" decoding=\"async\" width=\"3024\" height=\"4032\" src=\"https:\/\/i.imgur.com\/mi1pt7Z.jpg\" class=\"mpc-transition attachment-large\" alt=\"\" title=\"mi1pt7Z\"><div class=\"mpc-item-overlay mpc-transition\"><div class=\"mpc-overlay--vertical-wrap\"><div class=\"mpc-overlay--vertical\"><a href=\"https:\/\/i.imgur.com\/mi1pt7Z.jpg\" rel=\"mpc[mpc_grid_images-4069e126ab3bfd4]\" class=\"mpc-icon-anchor mpc-magnific-popup\"><i class=\"mpc-item-overlay__icon mpc-type--lightbox etl etl-camera mpc-icon--icon\"><\/i><\/a><\/div><\/div><\/div><\/div><\/div><div class=\"mpc-item\"><div onclick=\"\" class=\"mpc-grid__image mpc-transition\"><img loading=\"lazy\" decoding=\"async\" width=\"3024\" height=\"4032\" src=\"https:\/\/i.imgur.com\/K9Ssz6Y.jpg\" class=\"mpc-transition attachment-large\" alt=\"\" title=\"K9Ssz6Y\"><div class=\"mpc-item-overlay mpc-transition\"><div class=\"mpc-overlay--vertical-wrap\"><div class=\"mpc-overlay--vertical\"><a href=\"https:\/\/i.imgur.com\/K9Ssz6Y.jpg\" rel=\"mpc[mpc_grid_images-4069e126ab3bfd4]\" class=\"mpc-icon-anchor mpc-magnific-popup\"><i class=\"mpc-item-overlay__icon mpc-type--lightbox etl etl-camera mpc-icon--icon\"><\/i><\/a><\/div><\/div><\/div><\/div><\/div><div class=\"mpc-item\"><div onclick=\"\" class=\"mpc-grid__image mpc-transition\"><img loading=\"lazy\" decoding=\"async\" width=\"3024\" height=\"4032\" src=\"https:\/\/i.imgur.com\/Fswki8Q.jpg\" class=\"mpc-transition attachment-large\" alt=\"\" title=\"Fswki8Q\"><div class=\"mpc-item-overlay mpc-transition\"><div class=\"mpc-overlay--vertical-wrap\"><div class=\"mpc-overlay--vertical\"><a href=\"https:\/\/i.imgur.com\/Fswki8Q.jpg\" rel=\"mpc[mpc_grid_images-4069e126ab3bfd4]\" class=\"mpc-icon-anchor mpc-magnific-popup\"><i class=\"mpc-item-overlay__icon mpc-type--lightbox etl etl-camera mpc-icon--icon\"><\/i><\/a><\/div><\/div><\/div><\/div><\/div><\/div><\/div><\/div><\/div><div class=\"wpb_column vc_column_container vc_col-sm-2 mpc-column\" data-column-id=\"mpc_column-3969e126ab3f82f\"><div class=\"vc_column-inner\"><div class=\"wpb_wrapper\"><div class=\"vc_wp_custommenu wpb_content_element\"><div class=\"widget widget_nav_menu\"><div class=\"menu-galleri-menu-container\"><ul id=\"menu-galleri-menu\" class=\"menu\"><li id=\"menu-item-12837\" class=\"menu-item menu-item-type-post_type menu-item-object-page menu-item-has-children menu-item-12837 current-menu-item\"><a href=\"https:\/\/radonpro.dk\/en\/cases-og-referencer\/\" data-scroll=\"true\">Cases og referencer<\/a>\n<ul class=\"sub-menu\">\n\t<li id=\"menu-item-13812\" class=\"menu-item menu-item-type-post_type menu-item-object-page menu-item-13812 current-menu-item\"><a href=\"https:\/\/radonpro.dk\/en\/cases-og-referencer\/falbeparken-c6\/\" data-scroll=\"true\">Falbeparken C6<\/a><\/li>\n\t<li id=\"menu-item-12839\" class=\"menu-item menu-item-type-post_type menu-item-object-page menu-item-12839 current-menu-item\"><a href=\"https:\/\/radonpro.dk\/en\/cases-og-referencer\/falbeparken-c5\/\" data-scroll=\"true\">Falbeparken C5<\/a><\/li>\n\t<li id=\"menu-item-12869\" class=\"menu-item menu-item-type-post_type menu-item-object-page menu-item-12869 current-menu-item\"><a href=\"https:\/\/radonpro.dk\/en\/cases-og-referencer\/hasselien\/\" data-scroll=\"true\">Hasselien<\/a><\/li>\n\t<li id=\"menu-item-12874\" class=\"menu-item menu-item-type-post_type menu-item-object-page menu-item-12874 current-menu-item\"><a href=\"https:\/\/radonpro.dk\/en\/cases-og-referencer\/kloerupvej\/\" data-scroll=\"true\">Kl&oslash;rupvej<\/a><\/li>\n\t<li id=\"menu-item-12877\" class=\"menu-item menu-item-type-post_type menu-item-object-page menu-item-12877 current-menu-item\"><a href=\"https:\/\/radonpro.dk\/en\/cases-og-referencer\/ny-villa-i-randers\/\" data-scroll=\"true\">Ny Villa i Randers<\/a><\/li>\n\t<li id=\"menu-item-12882\" class=\"menu-item menu-item-type-post_type menu-item-object-page menu-item-12882 current-menu-item\"><a href=\"https:\/\/radonpro.dk\/en\/cases-og-referencer\/ny-villa-i-solbjerg\/\" data-scroll=\"true\">Ny Villa i Solbjerg<\/a><\/li>\n\t<li id=\"menu-item-12972\" class=\"menu-item menu-item-type-post_type menu-item-object-page menu-item-12972 current-menu-item\"><a href=\"https:\/\/radonpro.dk\/en\/cases-og-referencer\/randers-city-camp\/\" data-scroll=\"true\">Randers City Camp<\/a><\/li>\n<\/ul>\n<\/li>\n<\/ul><\/div><\/div><\/div><\/div><\/div><\/div><\/div><\/div><\/div><\/div><div class=\"wpb_column vc_column_container vc_col-sm-12 mpc-column\" data-column-id=\"mpc_column-6569e126ab3feb9\"><div class=\"vc_column-inner \"><div class=\"wpb_wrapper\"><\/div><\/div><\/div><\/div><\/div><\/div>\n","protected":false},"excerpt":{"rendered":"KL&Oslash;RUPVEJ Totalrenovering af &aelig;ldre - okay, kan vist godt sige gammel - g&aring;rd, som inkluderer radonsikring med RAD X membran med t&aelig;tning mod sokkel. Membranen er placeret sikkert mellem polystyrenlagene og lever op til dagens standarder. Alle r&oslash;ropf&oslash;rsler er t&aelig;tnet","protected":false},"author":1,"featured_media":12847,"parent":12801,"menu_order":0,"comment_status":"closed","ping_status":"closed","template":"","meta":{"content-type":"","_monsterinsights_skip_tracking":false,"_monsterinsights_sitenote_active":false,"_monsterinsights_sitenote_note":"","_monsterinsights_sitenote_category":0,"footnotes":""},"class_list":["post-12871","page","type-page","status-publish","has-post-thumbnail","hentry"],"yoast_head":"<!-- This site is optimized with the Yoast SEO plugin v27.4 - https:\/\/yoast.com\/product\/yoast-seo-wordpress\/ -->\n<title>Kl\u00f8rupvej - Radon Pro<\/title>\n<meta name=\"description\" content=\"Totalrenovering af \u00e6ldre - okay, kan vist godt sige gammel - g\u00e5rd, som inkluderer radonsikring med RAD X membran med t\u00e6tning mod sokkel. Membranen er placeret sikkert mellem polystyrenlagene og lever op til dagens standarder. Alle r\u00f8ropf\u00f8rsler er t\u00e6tnet med RAD F og RAD 1.\" \/>\n<meta name=\"robots\" content=\"index, follow, max-snippet:-1, max-image-preview:large, max-video-preview:-1\" \/>\n<link rel=\"canonical\" href=\"https:\/\/radonpro.dk\/en\/cases-og-referencer\/kloerupvej\/\" \/>\n<meta property=\"og:locale\" content=\"en_US\" \/>\n<meta property=\"og:type\" content=\"article\" \/>\n<meta property=\"og:title\" content=\"Kl\u00f8rupvej - Radon Pro\" \/>\n<meta property=\"og:description\" content=\"Totalrenovering af \u00e6ldre - okay, kan vist godt sige gammel - g\u00e5rd, som inkluderer radonsikring med RAD X membran med t\u00e6tning mod sokkel. Membranen er placeret sikkert mellem polystyrenlagene og lever op til dagens standarder. Alle r\u00f8ropf\u00f8rsler er t\u00e6tnet med RAD F og RAD 1.\" \/>\n<meta property=\"og:url\" content=\"https:\/\/radonpro.dk\/en\/cases-og-referencer\/kloerupvej\/\" \/>\n<meta property=\"og:site_name\" content=\"Radon Pro\" \/>\n<meta property=\"article:modified_time\" content=\"2020-09-14T11:09:39+00:00\" \/>\n<meta property=\"og:image\" content=\"https:\/\/i.imgur.com\/Fswki8Q.jpg\" \/>\n\t<meta property=\"og:image:width\" content=\"3024\" \/>\n\t<meta property=\"og:image:height\" content=\"4032\" \/>\n\t<meta property=\"og:image:type\" content=\"image\/jpeg\" \/>\n<meta name=\"twitter:card\" content=\"summary_large_image\" \/>\n<meta name=\"twitter:label1\" content=\"Est. reading time\" \/>\n\t<meta name=\"twitter:data1\" content=\"1 minute\" \/>\n<script type=\"application\/ld+json\" class=\"yoast-schema-graph\">{\"@context\":\"https:\\\/\\\/schema.org\",\"@graph\":[{\"@type\":\"WebPage\",\"@id\":\"https:\\\/\\\/radonpro.dk\\\/cases-og-referencer\\\/kloerupvej\\\/\",\"url\":\"https:\\\/\\\/radonpro.dk\\\/cases-og-referencer\\\/kloerupvej\\\/\",\"name\":\"Kl\u00f8rupvej - Radon Pro\",\"isPartOf\":{\"@id\":\"https:\\\/\\\/radonpro.dk\\\/en\\\/#website\"},\"primaryImageOfPage\":{\"@id\":\"https:\\\/\\\/radonpro.dk\\\/cases-og-referencer\\\/kloerupvej\\\/#primaryimage\"},\"image\":{\"@id\":\"https:\\\/\\\/radonpro.dk\\\/cases-og-referencer\\\/kloerupvej\\\/#primaryimage\"},\"thumbnailUrl\":\"https:\\\/\\\/i.imgur.com\\\/Fswki8Q.jpg\",\"datePublished\":\"2020-02-19T02:14:06+00:00\",\"dateModified\":\"2020-09-14T11:09:39+00:00\",\"description\":\"Totalrenovering af \u00e6ldre - okay, kan vist godt sige gammel - g\u00e5rd, som inkluderer radonsikring med RAD X membran med t\u00e6tning mod sokkel. Membranen er placeret sikkert mellem polystyrenlagene og lever op til dagens standarder. Alle r\u00f8ropf\u00f8rsler er t\u00e6tnet med RAD F og RAD 1.\",\"breadcrumb\":{\"@id\":\"https:\\\/\\\/radonpro.dk\\\/cases-og-referencer\\\/kloerupvej\\\/#breadcrumb\"},\"inLanguage\":\"en-US\",\"potentialAction\":[{\"@type\":\"ReadAction\",\"target\":[\"https:\\\/\\\/radonpro.dk\\\/cases-og-referencer\\\/kloerupvej\\\/\"]}]},{\"@type\":\"ImageObject\",\"inLanguage\":\"en-US\",\"@id\":\"https:\\\/\\\/radonpro.dk\\\/cases-og-referencer\\\/kloerupvej\\\/#primaryimage\",\"url\":\"https:\\\/\\\/i.imgur.com\\\/Fswki8Q.jpg\",\"contentUrl\":\"https:\\\/\\\/i.imgur.com\\\/Fswki8Q.jpg\",\"width\":3024,\"height\":4032},{\"@type\":\"BreadcrumbList\",\"@id\":\"https:\\\/\\\/radonpro.dk\\\/cases-og-referencer\\\/kloerupvej\\\/#breadcrumb\",\"itemListElement\":[{\"@type\":\"ListItem\",\"position\":1,\"name\":\"Hjem\",\"item\":\"https:\\\/\\\/radonpro.dk\\\/\"},{\"@type\":\"ListItem\",\"position\":2,\"name\":\"Cases og referencer\",\"item\":\"https:\\\/\\\/radonpro.dk\\\/cases-og-referencer\\\/\"},{\"@type\":\"ListItem\",\"position\":3,\"name\":\"Kl\u00f8rupvej\"}]},{\"@type\":\"WebSite\",\"@id\":\"https:\\\/\\\/radonpro.dk\\\/en\\\/#website\",\"url\":\"https:\\\/\\\/radonpro.dk\\\/en\\\/\",\"name\":\"Radon Pro\",\"description\":\"Radon Pro\",\"publisher\":{\"@id\":\"https:\\\/\\\/radonpro.dk\\\/en\\\/#organization\"},\"potentialAction\":[{\"@type\":\"SearchAction\",\"target\":{\"@type\":\"EntryPoint\",\"urlTemplate\":\"https:\\\/\\\/radonpro.dk\\\/en\\\/?s={search_term_string}\"},\"query-input\":{\"@type\":\"PropertyValueSpecification\",\"valueRequired\":true,\"valueName\":\"search_term_string\"}}],\"inLanguage\":\"en-US\"},{\"@type\":\"Organization\",\"@id\":\"https:\\\/\\\/radonpro.dk\\\/en\\\/#organization\",\"name\":\"Radon Pro\",\"url\":\"https:\\\/\\\/radonpro.dk\\\/en\\\/\",\"logo\":{\"@type\":\"ImageObject\",\"inLanguage\":\"en-US\",\"@id\":\"https:\\\/\\\/radonpro.dk\\\/en\\\/#\\\/schema\\\/logo\\\/image\\\/\",\"url\":\"\",\"contentUrl\":\"\",\"caption\":\"Radon Pro\"},\"image\":{\"@id\":\"https:\\\/\\\/radonpro.dk\\\/en\\\/#\\\/schema\\\/logo\\\/image\\\/\"}}]}<\/script>\n<!-- \/ Yoast SEO plugin. -->","yoast_head_json":{"title":"Kl\u00f8rupvej - Radon Pro","description":"Totalrenovering af \u00e6ldre - okay, kan vist godt sige gammel - g\u00e5rd, som inkluderer radonsikring med RAD X membran med t\u00e6tning mod sokkel. Membranen er placeret sikkert mellem polystyrenlagene og lever op til dagens standarder. Alle r\u00f8ropf\u00f8rsler er t\u00e6tnet med RAD F og RAD 1.","robots":{"index":"index","follow":"follow","max-snippet":"max-snippet:-1","max-image-preview":"max-image-preview:large","max-video-preview":"max-video-preview:-1"},"canonical":"https:\/\/radonpro.dk\/en\/cases-og-referencer\/kloerupvej\/","og_locale":"en_US","og_type":"article","og_title":"Kl\u00f8rupvej - Radon Pro","og_description":"Totalrenovering af \u00e6ldre - okay, kan vist godt sige gammel - g\u00e5rd, som inkluderer radonsikring med RAD X membran med t\u00e6tning mod sokkel. Membranen er placeret sikkert mellem polystyrenlagene og lever op til dagens standarder. Alle r\u00f8ropf\u00f8rsler er t\u00e6tnet med RAD F og RAD 1.","og_url":"https:\/\/radonpro.dk\/en\/cases-og-referencer\/kloerupvej\/","og_site_name":"Radon Pro","article_modified_time":"2020-09-14T11:09:39+00:00","og_image":[{"width":3024,"height":4032,"url":"https:\/\/i.imgur.com\/Fswki8Q.jpg","type":"image\/jpeg"}],"twitter_card":"summary_large_image","twitter_misc":{"Est. reading time":"1 minute"},"schema":{"@context":"https:\/\/schema.org","@graph":[{"@type":"WebPage","@id":"https:\/\/radonpro.dk\/cases-og-referencer\/kloerupvej\/","url":"https:\/\/radonpro.dk\/cases-og-referencer\/kloerupvej\/","name":"Kl\u00f8rupvej - Radon Pro","isPartOf":{"@id":"https:\/\/radonpro.dk\/en\/#website"},"primaryImageOfPage":{"@id":"https:\/\/radonpro.dk\/cases-og-referencer\/kloerupvej\/#primaryimage"},"image":{"@id":"https:\/\/radonpro.dk\/cases-og-referencer\/kloerupvej\/#primaryimage"},"thumbnailUrl":"https:\/\/i.imgur.com\/Fswki8Q.jpg","datePublished":"2020-02-19T02:14:06+00:00","dateModified":"2020-09-14T11:09:39+00:00","description":"Totalrenovering af \u00e6ldre - okay, kan vist godt sige gammel - g\u00e5rd, som inkluderer radonsikring med RAD X membran med t\u00e6tning mod sokkel. Membranen er placeret sikkert mellem polystyrenlagene og lever op til dagens standarder. Alle r\u00f8ropf\u00f8rsler er t\u00e6tnet med RAD F og RAD 1.","breadcrumb":{"@id":"https:\/\/radonpro.dk\/cases-og-referencer\/kloerupvej\/#breadcrumb"},"inLanguage":"en-US","potentialAction":[{"@type":"ReadAction","target":["https:\/\/radonpro.dk\/cases-og-referencer\/kloerupvej\/"]}]},{"@type":"ImageObject","inLanguage":"en-US","@id":"https:\/\/radonpro.dk\/cases-og-referencer\/kloerupvej\/#primaryimage","url":"https:\/\/i.imgur.com\/Fswki8Q.jpg","contentUrl":"https:\/\/i.imgur.com\/Fswki8Q.jpg","width":3024,"height":4032},{"@type":"BreadcrumbList","@id":"https:\/\/radonpro.dk\/cases-og-referencer\/kloerupvej\/#breadcrumb","itemListElement":[{"@type":"ListItem","position":1,"name":"Hjem","item":"https:\/\/radonpro.dk\/"},{"@type":"ListItem","position":2,"name":"Cases og referencer","item":"https:\/\/radonpro.dk\/cases-og-referencer\/"},{"@type":"ListItem","position":3,"name":"Kl\u00f8rupvej"}]},{"@type":"WebSite","@id":"https:\/\/radonpro.dk\/en\/#website","url":"https:\/\/radonpro.dk\/en\/","name":"Radon Pro","description":"Radon Pro","publisher":{"@id":"https:\/\/radonpro.dk\/en\/#organization"},"potentialAction":[{"@type":"SearchAction","target":{"@type":"EntryPoint","urlTemplate":"https:\/\/radonpro.dk\/en\/?s={search_term_string}"},"query-input":{"@type":"PropertyValueSpecification","valueRequired":true,"valueName":"search_term_string"}}],"inLanguage":"en-US"},{"@type":"Organization","@id":"https:\/\/radonpro.dk\/en\/#organization","name":"Radon Pro","url":"https:\/\/radonpro.dk\/en\/","logo":{"@type":"ImageObject","inLanguage":"en-US","@id":"https:\/\/radonpro.dk\/en\/#\/schema\/logo\/image\/","url":"","contentUrl":"","caption":"Radon Pro"},"image":{"@id":"https:\/\/radonpro.dk\/en\/#\/schema\/logo\/image\/"}}]}},"_links":{"self":[{"href":"https:\/\/radonpro.dk\/en\/wp-json\/wp\/v2\/pages\/12871","targetHints":{"allow":["GET"]}}],"collection":[{"href":"https:\/\/radonpro.dk\/en\/wp-json\/wp\/v2\/pages"}],"about":[{"href":"https:\/\/radonpro.dk\/en\/wp-json\/wp\/v2\/types\/page"}],"author":[{"embeddable":true,"href":"https:\/\/radonpro.dk\/en\/wp-json\/wp\/v2\/users\/1"}],"replies":[{"embeddable":true,"href":"https:\/\/radonpro.dk\/en\/wp-json\/wp\/v2\/comments?post=12871"}],"version-history":[{"count":5,"href":"https:\/\/radonpro.dk\/en\/wp-json\/wp\/v2\/pages\/12871\/revisions"}],"predecessor-version":[{"id":13376,"href":"https:\/\/radonpro.dk\/en\/wp-json\/wp\/v2\/pages\/12871\/revisions\/13376"}],"up":[{"embeddable":true,"href":"https:\/\/radonpro.dk\/en\/wp-json\/wp\/v2\/pages\/12801"}],"wp:featuredmedia":[{"embeddable":true,"href":"https:\/\/radonpro.dk\/en\/wp-json\/wp\/v2\/media\/12847"}],"wp:attachment":[{"href":"https:\/\/radonpro.dk\/en\/wp-json\/wp\/v2\/media?parent=12871"}],"curies":[{"name":"wp","href":"https:\/\/api.w.org\/{rel}","templated":true}]}}