{"id":12834,"date":"2020-02-19T02:32:37","date_gmt":"2020-02-19T01:32:37","guid":{"rendered":"https:\/\/radonpro.dk\/?page_id=12834"},"modified":"2020-09-14T12:12:08","modified_gmt":"2020-09-14T11:12:08","slug":"falbeparken-c5","status":"publish","type":"page","link":"https:\/\/radonpro.dk\/en\/cases-og-referencer\/falbeparken-c5\/","title":{"rendered":"Falbeparken C5"},"content":{"rendered":"<div class=\"vc_row wpb_row vc_row-fluid light vc_custom_1582076252644 vc_row-has-fill amz-remove-margin mpc-row\"><div class=\"container\"><div class=\"vc_row vc_row-fluid vc_row-has-fill\"><div class=\"wpb_column vc_column_container vc_col-sm-12 mpc-column\" data-column-id=\"mpc_column-10069e1270d64c26\"><div class=\"vc_column-inner \"><div class=\"wpb_wrapper\"><div class=\"gradient-text-con \"><div class=\"gradient-text\" style=\"color:#f7931e;\r\n\t\t\t\t\t    background: -webkit-linear-gradient(left, #f7931e,#ff6000);background-color:transparent;font-size: 42px;\">FALBEPARKEN C5<\/div><\/div>\n\t<div class=\"wpb_text_column wpb_content_element \">\n\t\t<div class=\"wpb_wrapper\">\n\t\t\t<p style=\"text-align: center;\">Radonsikring af sp&aelig;ndende etagebyggeri i Randers. Byggeriet er lavet med fuld RAD X membran i konstruktionen. Der er radont&aelig;tnet ved 113 vand-, afl&oslash;bs- og fjernvarmeopf&oslash;rsler.<\/p>\n\n\t\t<\/div>\n\t<\/div>\n<div class=\"vc_row wpb_row vc_inner vc_row-fluid mpc-row\"><div class=\"wpb_column vc_column_container vc_col-sm-10 mpc-column\" data-column-id=\"mpc_column-369e1270d61b56\"><div class=\"vc_column-inner\"><div class=\"wpb_wrapper\"><div id=\"mpc_grid_images-869e1270d5f5c3\" class=\"mpc-grid-images mpc-init mpc-effect--none  mpc-overlay--slide-right\" data-grid-cols=\"4\" data-align=\"middle-center\"><div class=\"mpc-item\"><div onclick=\"\" class=\"mpc-grid__image mpc-transition\"><img loading=\"lazy\" decoding=\"async\" width=\"3024\" height=\"4032\" src=\"https:\/\/i.imgur.com\/wjdEuka.jpg\" class=\"mpc-transition attachment-large\" alt=\"\" title=\"wjdEuka\"><div class=\"mpc-item-overlay mpc-transition\"><div class=\"mpc-overlay--vertical-wrap\"><div class=\"mpc-overlay--vertical\"><a href=\"https:\/\/i.imgur.com\/wjdEuka.jpg\" rel=\"mpc[mpc_grid_images-869e1270d5f5c3]\" class=\"mpc-icon-anchor mpc-magnific-popup\"><i class=\"mpc-item-overlay__icon mpc-type--lightbox etl etl-camera mpc-icon--icon\"><\/i><\/a><\/div><\/div><\/div><\/div><\/div><div class=\"mpc-item\"><div onclick=\"\" class=\"mpc-grid__image mpc-transition\"><img loading=\"lazy\" decoding=\"async\" width=\"3024\" height=\"4032\" src=\"https:\/\/i.imgur.com\/a9IZiwn.jpg\" class=\"mpc-transition attachment-large\" alt=\"\" title=\"a9IZiwn\"><div class=\"mpc-item-overlay mpc-transition\"><div class=\"mpc-overlay--vertical-wrap\"><div class=\"mpc-overlay--vertical\"><a href=\"https:\/\/i.imgur.com\/a9IZiwn.jpg\" rel=\"mpc[mpc_grid_images-869e1270d5f5c3]\" class=\"mpc-icon-anchor mpc-magnific-popup\"><i class=\"mpc-item-overlay__icon mpc-type--lightbox etl etl-camera mpc-icon--icon\"><\/i><\/a><\/div><\/div><\/div><\/div><\/div><div class=\"mpc-item\"><div onclick=\"\" class=\"mpc-grid__image mpc-transition\"><img loading=\"lazy\" decoding=\"async\" width=\"3024\" height=\"4032\" src=\"https:\/\/i.imgur.com\/12f8u1X.jpg\" class=\"mpc-transition attachment-large\" alt=\"\" title=\"12f8u1X\"><div class=\"mpc-item-overlay mpc-transition\"><div class=\"mpc-overlay--vertical-wrap\"><div class=\"mpc-overlay--vertical\"><a href=\"https:\/\/i.imgur.com\/12f8u1X.jpg\" rel=\"mpc[mpc_grid_images-869e1270d5f5c3]\" class=\"mpc-icon-anchor mpc-magnific-popup\"><i class=\"mpc-item-overlay__icon mpc-type--lightbox etl etl-camera mpc-icon--icon\"><\/i><\/a><\/div><\/div><\/div><\/div><\/div><div class=\"mpc-item\"><div onclick=\"\" class=\"mpc-grid__image mpc-transition\"><img loading=\"lazy\" decoding=\"async\" width=\"3024\" height=\"4032\" src=\"https:\/\/i.imgur.com\/jLvqrfS.jpg\" class=\"mpc-transition attachment-large\" alt=\"\" title=\"jLvqrfS\"><div class=\"mpc-item-overlay mpc-transition\"><div class=\"mpc-overlay--vertical-wrap\"><div class=\"mpc-overlay--vertical\"><a href=\"https:\/\/i.imgur.com\/jLvqrfS.jpg\" rel=\"mpc[mpc_grid_images-869e1270d5f5c3]\" class=\"mpc-icon-anchor mpc-magnific-popup\"><i class=\"mpc-item-overlay__icon mpc-type--lightbox etl etl-camera mpc-icon--icon\"><\/i><\/a><\/div><\/div><\/div><\/div><\/div><div class=\"mpc-item\"><div onclick=\"\" class=\"mpc-grid__image mpc-transition\"><img loading=\"lazy\" decoding=\"async\" width=\"3024\" height=\"4032\" src=\"https:\/\/i.imgur.com\/U6bkWxb.jpg\" class=\"mpc-transition attachment-large\" alt=\"\" title=\"U6bkWxb\"><div class=\"mpc-item-overlay mpc-transition\"><div class=\"mpc-overlay--vertical-wrap\"><div class=\"mpc-overlay--vertical\"><a href=\"https:\/\/i.imgur.com\/U6bkWxb.jpg\" rel=\"mpc[mpc_grid_images-869e1270d5f5c3]\" class=\"mpc-icon-anchor mpc-magnific-popup\"><i class=\"mpc-item-overlay__icon mpc-type--lightbox etl etl-camera mpc-icon--icon\"><\/i><\/a><\/div><\/div><\/div><\/div><\/div><div class=\"mpc-item\"><div onclick=\"\" class=\"mpc-grid__image mpc-transition\"><img loading=\"lazy\" decoding=\"async\" width=\"3024\" height=\"4032\" src=\"https:\/\/i.imgur.com\/fqkufwn.jpg\" class=\"mpc-transition attachment-large\" alt=\"\" title=\"fqkufwn\"><div class=\"mpc-item-overlay mpc-transition\"><div class=\"mpc-overlay--vertical-wrap\"><div class=\"mpc-overlay--vertical\"><a href=\"https:\/\/i.imgur.com\/fqkufwn.jpg\" rel=\"mpc[mpc_grid_images-869e1270d5f5c3]\" class=\"mpc-icon-anchor mpc-magnific-popup\"><i class=\"mpc-item-overlay__icon mpc-type--lightbox etl etl-camera mpc-icon--icon\"><\/i><\/a><\/div><\/div><\/div><\/div><\/div><div class=\"mpc-item\"><div onclick=\"\" class=\"mpc-grid__image mpc-transition\"><img loading=\"lazy\" decoding=\"async\" width=\"3024\" height=\"4032\" src=\"https:\/\/i.imgur.com\/mgwkAjk.jpg\" class=\"mpc-transition attachment-large\" alt=\"\" title=\"mgwkAjk\"><div class=\"mpc-item-overlay mpc-transition\"><div class=\"mpc-overlay--vertical-wrap\"><div class=\"mpc-overlay--vertical\"><a href=\"https:\/\/i.imgur.com\/mgwkAjk.jpg\" rel=\"mpc[mpc_grid_images-869e1270d5f5c3]\" class=\"mpc-icon-anchor mpc-magnific-popup\"><i class=\"mpc-item-overlay__icon mpc-type--lightbox etl etl-camera mpc-icon--icon\"><\/i><\/a><\/div><\/div><\/div><\/div><\/div><div class=\"mpc-item\"><div onclick=\"\" class=\"mpc-grid__image mpc-transition\"><img loading=\"lazy\" decoding=\"async\" width=\"3024\" height=\"4032\" src=\"https:\/\/i.imgur.com\/w1El6F3.jpg\" class=\"mpc-transition attachment-large\" alt=\"\" title=\"w1El6F3\"><div class=\"mpc-item-overlay mpc-transition\"><div class=\"mpc-overlay--vertical-wrap\"><div class=\"mpc-overlay--vertical\"><a href=\"https:\/\/i.imgur.com\/w1El6F3.jpg\" rel=\"mpc[mpc_grid_images-869e1270d5f5c3]\" class=\"mpc-icon-anchor mpc-magnific-popup\"><i class=\"mpc-item-overlay__icon mpc-type--lightbox etl etl-camera mpc-icon--icon\"><\/i><\/a><\/div><\/div><\/div><\/div><\/div><div class=\"mpc-item\"><div onclick=\"\" class=\"mpc-grid__image mpc-transition\"><img loading=\"lazy\" decoding=\"async\" width=\"3024\" height=\"4032\" src=\"https:\/\/i.imgur.com\/TbAxezv.jpg\" class=\"mpc-transition attachment-large\" alt=\"\" title=\"TbAxezv\"><div class=\"mpc-item-overlay mpc-transition\"><div class=\"mpc-overlay--vertical-wrap\"><div class=\"mpc-overlay--vertical\"><a href=\"https:\/\/i.imgur.com\/TbAxezv.jpg\" rel=\"mpc[mpc_grid_images-869e1270d5f5c3]\" class=\"mpc-icon-anchor mpc-magnific-popup\"><i class=\"mpc-item-overlay__icon mpc-type--lightbox etl etl-camera mpc-icon--icon\"><\/i><\/a><\/div><\/div><\/div><\/div><\/div><div class=\"mpc-item\"><div onclick=\"\" class=\"mpc-grid__image mpc-transition\"><img loading=\"lazy\" decoding=\"async\" width=\"3024\" height=\"4032\" src=\"https:\/\/i.imgur.com\/BP2x7NK.jpg\" class=\"mpc-transition attachment-large\" alt=\"\" title=\"BP2x7NK\"><div class=\"mpc-item-overlay mpc-transition\"><div class=\"mpc-overlay--vertical-wrap\"><div class=\"mpc-overlay--vertical\"><a href=\"https:\/\/i.imgur.com\/BP2x7NK.jpg\" rel=\"mpc[mpc_grid_images-869e1270d5f5c3]\" class=\"mpc-icon-anchor mpc-magnific-popup\"><i class=\"mpc-item-overlay__icon mpc-type--lightbox etl etl-camera mpc-icon--icon\"><\/i><\/a><\/div><\/div><\/div><\/div><\/div><div class=\"mpc-item\"><div onclick=\"\" class=\"mpc-grid__image mpc-transition\"><img loading=\"lazy\" decoding=\"async\" width=\"3024\" height=\"4032\" src=\"https:\/\/i.imgur.com\/CMdr6GD.jpg\" class=\"mpc-transition attachment-large\" alt=\"\" title=\"CMdr6GD\"><div class=\"mpc-item-overlay mpc-transition\"><div class=\"mpc-overlay--vertical-wrap\"><div class=\"mpc-overlay--vertical\"><a href=\"https:\/\/i.imgur.com\/CMdr6GD.jpg\" rel=\"mpc[mpc_grid_images-869e1270d5f5c3]\" class=\"mpc-icon-anchor mpc-magnific-popup\"><i class=\"mpc-item-overlay__icon mpc-type--lightbox etl etl-camera mpc-icon--icon\"><\/i><\/a><\/div><\/div><\/div><\/div><\/div><div class=\"mpc-item\"><div onclick=\"\" class=\"mpc-grid__image mpc-transition\"><img loading=\"lazy\" decoding=\"async\" width=\"3024\" height=\"4032\" src=\"https:\/\/i.imgur.com\/O2owutx.jpg\" class=\"mpc-transition attachment-large\" alt=\"\" title=\"O2owutx\"><div class=\"mpc-item-overlay mpc-transition\"><div class=\"mpc-overlay--vertical-wrap\"><div class=\"mpc-overlay--vertical\"><a href=\"https:\/\/i.imgur.com\/O2owutx.jpg\" rel=\"mpc[mpc_grid_images-869e1270d5f5c3]\" class=\"mpc-icon-anchor mpc-magnific-popup\"><i class=\"mpc-item-overlay__icon mpc-type--lightbox etl etl-camera mpc-icon--icon\"><\/i><\/a><\/div><\/div><\/div><\/div><\/div><div class=\"mpc-item\"><div onclick=\"\" class=\"mpc-grid__image mpc-transition\"><img loading=\"lazy\" decoding=\"async\" width=\"3024\" height=\"4032\" src=\"https:\/\/i.imgur.com\/bLW7yki.jpg\" class=\"mpc-transition attachment-large\" alt=\"\" title=\"bLW7yki\"><div class=\"mpc-item-overlay mpc-transition\"><div class=\"mpc-overlay--vertical-wrap\"><div class=\"mpc-overlay--vertical\"><a href=\"https:\/\/i.imgur.com\/bLW7yki.jpg\" rel=\"mpc[mpc_grid_images-869e1270d5f5c3]\" class=\"mpc-icon-anchor mpc-magnific-popup\"><i class=\"mpc-item-overlay__icon mpc-type--lightbox etl etl-camera mpc-icon--icon\"><\/i><\/a><\/div><\/div><\/div><\/div><\/div><\/div><\/div><\/div><\/div><div class=\"wpb_column vc_column_container vc_col-sm-2 mpc-column\" data-column-id=\"mpc_column-4469e1270d643cc\"><div class=\"vc_column-inner\"><div class=\"wpb_wrapper\"><div class=\"vc_wp_custommenu wpb_content_element\"><div class=\"widget widget_nav_menu\"><div class=\"menu-galleri-menu-container\"><ul id=\"menu-galleri-menu\" class=\"menu\"><li id=\"menu-item-12837\" class=\"menu-item menu-item-type-post_type menu-item-object-page menu-item-has-children menu-item-12837 current-menu-item\"><a href=\"https:\/\/radonpro.dk\/en\/cases-og-referencer\/\" data-scroll=\"true\">Cases og referencer<\/a>\n<ul class=\"sub-menu\">\n\t<li id=\"menu-item-13812\" class=\"menu-item menu-item-type-post_type menu-item-object-page menu-item-13812 current-menu-item\"><a href=\"https:\/\/radonpro.dk\/en\/cases-og-referencer\/falbeparken-c6\/\" data-scroll=\"true\">Falbeparken C6<\/a><\/li>\n\t<li id=\"menu-item-12839\" class=\"menu-item menu-item-type-post_type menu-item-object-page menu-item-12839 current-menu-item\"><a href=\"https:\/\/radonpro.dk\/en\/cases-og-referencer\/falbeparken-c5\/\" data-scroll=\"true\">Falbeparken C5<\/a><\/li>\n\t<li id=\"menu-item-12869\" class=\"menu-item menu-item-type-post_type menu-item-object-page menu-item-12869 current-menu-item\"><a href=\"https:\/\/radonpro.dk\/en\/cases-og-referencer\/hasselien\/\" data-scroll=\"true\">Hasselien<\/a><\/li>\n\t<li id=\"menu-item-12874\" class=\"menu-item menu-item-type-post_type menu-item-object-page menu-item-12874 current-menu-item\"><a href=\"https:\/\/radonpro.dk\/en\/cases-og-referencer\/kloerupvej\/\" data-scroll=\"true\">Kl&oslash;rupvej<\/a><\/li>\n\t<li id=\"menu-item-12877\" class=\"menu-item menu-item-type-post_type menu-item-object-page menu-item-12877 current-menu-item\"><a href=\"https:\/\/radonpro.dk\/en\/cases-og-referencer\/ny-villa-i-randers\/\" data-scroll=\"true\">Ny Villa i Randers<\/a><\/li>\n\t<li id=\"menu-item-12882\" class=\"menu-item menu-item-type-post_type menu-item-object-page menu-item-12882 current-menu-item\"><a href=\"https:\/\/radonpro.dk\/en\/cases-og-referencer\/ny-villa-i-solbjerg\/\" data-scroll=\"true\">Ny Villa i Solbjerg<\/a><\/li>\n\t<li id=\"menu-item-12972\" class=\"menu-item menu-item-type-post_type menu-item-object-page menu-item-12972 current-menu-item\"><a href=\"https:\/\/radonpro.dk\/en\/cases-og-referencer\/randers-city-camp\/\" data-scroll=\"true\">Randers City Camp<\/a><\/li>\n<\/ul>\n<\/li>\n<\/ul><\/div><\/div><\/div><\/div><\/div><\/div><div class=\"wpb_column vc_column_container vc_col-sm-12 mpc-column\" data-column-id=\"mpc_column-1369e1270d64574\"><div class=\"vc_column-inner\"><div class=\"wpb_wrapper\"><\/div><\/div><\/div><\/div><\/div><\/div><\/div><\/div><\/div><\/div>\n","protected":false},"excerpt":{"rendered":"FALBEPARKEN C5 Radonsikring af sp&aelig;ndende etagebyggeri i Randers. Byggeriet er lavet med fuld RAD X membran i konstruktionen. Der er radont&aelig;tnet ved 113 vand-, afl&oslash;bs- og fjernvarmeopf&oslash;rsler. Cases og referencer Falbeparken C6 Falbeparken C5 Hasselien Kl&oslash;rupvej Ny Villa i Randers","protected":false},"author":1,"featured_media":12815,"parent":12801,"menu_order":0,"comment_status":"closed","ping_status":"closed","template":"","meta":{"content-type":"","_monsterinsights_skip_tracking":false,"_monsterinsights_sitenote_active":false,"_monsterinsights_sitenote_note":"","_monsterinsights_sitenote_category":0,"footnotes":""},"class_list":["post-12834","page","type-page","status-publish","has-post-thumbnail","hentry"],"yoast_head":"<!-- This site is optimized with the Yoast SEO plugin v27.4 - https:\/\/yoast.com\/product\/yoast-seo-wordpress\/ -->\n<title>Falbeparken C5 - Radon Pro<\/title>\n<meta name=\"description\" content=\"Radonsikring af sp\u00e6ndende etagebyggeri i Randers. Byggeriet er lavet med fuld RAD X membran i konstruktionen. Der er radont\u00e6tnet ved 113 vand-, afl\u00f8bs- og fjernvarmeopf\u00f8rsler.\" \/>\n<meta name=\"robots\" content=\"index, follow, max-snippet:-1, max-image-preview:large, max-video-preview:-1\" \/>\n<link rel=\"canonical\" href=\"https:\/\/radonpro.dk\/en\/cases-og-referencer\/falbeparken-c5\/\" \/>\n<meta property=\"og:locale\" content=\"en_US\" \/>\n<meta property=\"og:type\" content=\"article\" \/>\n<meta property=\"og:title\" content=\"Falbeparken C5 - Radon Pro\" \/>\n<meta property=\"og:description\" content=\"Radonsikring af sp\u00e6ndende etagebyggeri i Randers. Byggeriet er lavet med fuld RAD X membran i konstruktionen. Der er radont\u00e6tnet ved 113 vand-, afl\u00f8bs- og fjernvarmeopf\u00f8rsler.\" \/>\n<meta property=\"og:url\" content=\"https:\/\/radonpro.dk\/en\/cases-og-referencer\/falbeparken-c5\/\" \/>\n<meta property=\"og:site_name\" content=\"Radon Pro\" \/>\n<meta property=\"article:modified_time\" content=\"2020-09-14T11:12:08+00:00\" \/>\n<meta property=\"og:image\" content=\"https:\/\/i.imgur.com\/wjdEuka.jpg\" \/>\n\t<meta property=\"og:image:width\" content=\"3024\" \/>\n\t<meta property=\"og:image:height\" content=\"4032\" \/>\n\t<meta property=\"og:image:type\" content=\"image\/jpeg\" \/>\n<meta name=\"twitter:card\" content=\"summary_large_image\" \/>\n<meta name=\"twitter:label1\" content=\"Est. reading time\" \/>\n\t<meta name=\"twitter:data1\" content=\"1 minute\" \/>\n<script type=\"application\/ld+json\" class=\"yoast-schema-graph\">{\"@context\":\"https:\\\/\\\/schema.org\",\"@graph\":[{\"@type\":\"WebPage\",\"@id\":\"https:\\\/\\\/radonpro.dk\\\/en\\\/cases-og-referencer\\\/falbeparken-c5\\\/\",\"url\":\"https:\\\/\\\/radonpro.dk\\\/en\\\/cases-og-referencer\\\/falbeparken-c5\\\/\",\"name\":\"Falbeparken C5 - Radon Pro\",\"isPartOf\":{\"@id\":\"https:\\\/\\\/radonpro.dk\\\/en\\\/#website\"},\"primaryImageOfPage\":{\"@id\":\"https:\\\/\\\/radonpro.dk\\\/en\\\/cases-og-referencer\\\/falbeparken-c5\\\/#primaryimage\"},\"image\":{\"@id\":\"https:\\\/\\\/radonpro.dk\\\/en\\\/cases-og-referencer\\\/falbeparken-c5\\\/#primaryimage\"},\"thumbnailUrl\":\"https:\\\/\\\/i.imgur.com\\\/wjdEuka.jpg\",\"datePublished\":\"2020-02-19T01:32:37+00:00\",\"dateModified\":\"2020-09-14T11:12:08+00:00\",\"description\":\"Radonsikring af sp\u00e6ndende etagebyggeri i Randers. Byggeriet er lavet med fuld RAD X membran i konstruktionen. Der er radont\u00e6tnet ved 113 vand-, afl\u00f8bs- og fjernvarmeopf\u00f8rsler.\",\"breadcrumb\":{\"@id\":\"https:\\\/\\\/radonpro.dk\\\/en\\\/cases-og-referencer\\\/falbeparken-c5\\\/#breadcrumb\"},\"inLanguage\":\"en-US\",\"potentialAction\":[{\"@type\":\"ReadAction\",\"target\":[\"https:\\\/\\\/radonpro.dk\\\/en\\\/cases-og-referencer\\\/falbeparken-c5\\\/\"]}]},{\"@type\":\"ImageObject\",\"inLanguage\":\"en-US\",\"@id\":\"https:\\\/\\\/radonpro.dk\\\/en\\\/cases-og-referencer\\\/falbeparken-c5\\\/#primaryimage\",\"url\":\"https:\\\/\\\/i.imgur.com\\\/wjdEuka.jpg\",\"contentUrl\":\"https:\\\/\\\/i.imgur.com\\\/wjdEuka.jpg\",\"width\":3024,\"height\":4032},{\"@type\":\"BreadcrumbList\",\"@id\":\"https:\\\/\\\/radonpro.dk\\\/en\\\/cases-og-referencer\\\/falbeparken-c5\\\/#breadcrumb\",\"itemListElement\":[{\"@type\":\"ListItem\",\"position\":1,\"name\":\"Hjem\",\"item\":\"https:\\\/\\\/radonpro.dk\\\/\"},{\"@type\":\"ListItem\",\"position\":2,\"name\":\"Cases og referencer\",\"item\":\"https:\\\/\\\/radonpro.dk\\\/cases-og-referencer\\\/\"},{\"@type\":\"ListItem\",\"position\":3,\"name\":\"Falbeparken C5\"}]},{\"@type\":\"WebSite\",\"@id\":\"https:\\\/\\\/radonpro.dk\\\/en\\\/#website\",\"url\":\"https:\\\/\\\/radonpro.dk\\\/en\\\/\",\"name\":\"Radon Pro\",\"description\":\"Radon Pro\",\"publisher\":{\"@id\":\"https:\\\/\\\/radonpro.dk\\\/en\\\/#organization\"},\"potentialAction\":[{\"@type\":\"SearchAction\",\"target\":{\"@type\":\"EntryPoint\",\"urlTemplate\":\"https:\\\/\\\/radonpro.dk\\\/en\\\/?s={search_term_string}\"},\"query-input\":{\"@type\":\"PropertyValueSpecification\",\"valueRequired\":true,\"valueName\":\"search_term_string\"}}],\"inLanguage\":\"en-US\"},{\"@type\":\"Organization\",\"@id\":\"https:\\\/\\\/radonpro.dk\\\/en\\\/#organization\",\"name\":\"Radon Pro\",\"url\":\"https:\\\/\\\/radonpro.dk\\\/en\\\/\",\"logo\":{\"@type\":\"ImageObject\",\"inLanguage\":\"en-US\",\"@id\":\"https:\\\/\\\/radonpro.dk\\\/en\\\/#\\\/schema\\\/logo\\\/image\\\/\",\"url\":\"\",\"contentUrl\":\"\",\"caption\":\"Radon Pro\"},\"image\":{\"@id\":\"https:\\\/\\\/radonpro.dk\\\/en\\\/#\\\/schema\\\/logo\\\/image\\\/\"}}]}<\/script>\n<!-- \/ Yoast SEO plugin. -->","yoast_head_json":{"title":"Falbeparken C5 - Radon Pro","description":"Radonsikring af sp\u00e6ndende etagebyggeri i Randers. Byggeriet er lavet med fuld RAD X membran i konstruktionen. Der er radont\u00e6tnet ved 113 vand-, afl\u00f8bs- og fjernvarmeopf\u00f8rsler.","robots":{"index":"index","follow":"follow","max-snippet":"max-snippet:-1","max-image-preview":"max-image-preview:large","max-video-preview":"max-video-preview:-1"},"canonical":"https:\/\/radonpro.dk\/en\/cases-og-referencer\/falbeparken-c5\/","og_locale":"en_US","og_type":"article","og_title":"Falbeparken C5 - Radon Pro","og_description":"Radonsikring af sp\u00e6ndende etagebyggeri i Randers. Byggeriet er lavet med fuld RAD X membran i konstruktionen. Der er radont\u00e6tnet ved 113 vand-, afl\u00f8bs- og fjernvarmeopf\u00f8rsler.","og_url":"https:\/\/radonpro.dk\/en\/cases-og-referencer\/falbeparken-c5\/","og_site_name":"Radon Pro","article_modified_time":"2020-09-14T11:12:08+00:00","og_image":[{"width":3024,"height":4032,"url":"https:\/\/i.imgur.com\/wjdEuka.jpg","type":"image\/jpeg"}],"twitter_card":"summary_large_image","twitter_misc":{"Est. reading time":"1 minute"},"schema":{"@context":"https:\/\/schema.org","@graph":[{"@type":"WebPage","@id":"https:\/\/radonpro.dk\/en\/cases-og-referencer\/falbeparken-c5\/","url":"https:\/\/radonpro.dk\/en\/cases-og-referencer\/falbeparken-c5\/","name":"Falbeparken C5 - Radon Pro","isPartOf":{"@id":"https:\/\/radonpro.dk\/en\/#website"},"primaryImageOfPage":{"@id":"https:\/\/radonpro.dk\/en\/cases-og-referencer\/falbeparken-c5\/#primaryimage"},"image":{"@id":"https:\/\/radonpro.dk\/en\/cases-og-referencer\/falbeparken-c5\/#primaryimage"},"thumbnailUrl":"https:\/\/i.imgur.com\/wjdEuka.jpg","datePublished":"2020-02-19T01:32:37+00:00","dateModified":"2020-09-14T11:12:08+00:00","description":"Radonsikring af sp\u00e6ndende etagebyggeri i Randers. Byggeriet er lavet med fuld RAD X membran i konstruktionen. Der er radont\u00e6tnet ved 113 vand-, afl\u00f8bs- og fjernvarmeopf\u00f8rsler.","breadcrumb":{"@id":"https:\/\/radonpro.dk\/en\/cases-og-referencer\/falbeparken-c5\/#breadcrumb"},"inLanguage":"en-US","potentialAction":[{"@type":"ReadAction","target":["https:\/\/radonpro.dk\/en\/cases-og-referencer\/falbeparken-c5\/"]}]},{"@type":"ImageObject","inLanguage":"en-US","@id":"https:\/\/radonpro.dk\/en\/cases-og-referencer\/falbeparken-c5\/#primaryimage","url":"https:\/\/i.imgur.com\/wjdEuka.jpg","contentUrl":"https:\/\/i.imgur.com\/wjdEuka.jpg","width":3024,"height":4032},{"@type":"BreadcrumbList","@id":"https:\/\/radonpro.dk\/en\/cases-og-referencer\/falbeparken-c5\/#breadcrumb","itemListElement":[{"@type":"ListItem","position":1,"name":"Hjem","item":"https:\/\/radonpro.dk\/"},{"@type":"ListItem","position":2,"name":"Cases og referencer","item":"https:\/\/radonpro.dk\/cases-og-referencer\/"},{"@type":"ListItem","position":3,"name":"Falbeparken C5"}]},{"@type":"WebSite","@id":"https:\/\/radonpro.dk\/en\/#website","url":"https:\/\/radonpro.dk\/en\/","name":"Radon Pro","description":"Radon Pro","publisher":{"@id":"https:\/\/radonpro.dk\/en\/#organization"},"potentialAction":[{"@type":"SearchAction","target":{"@type":"EntryPoint","urlTemplate":"https:\/\/radonpro.dk\/en\/?s={search_term_string}"},"query-input":{"@type":"PropertyValueSpecification","valueRequired":true,"valueName":"search_term_string"}}],"inLanguage":"en-US"},{"@type":"Organization","@id":"https:\/\/radonpro.dk\/en\/#organization","name":"Radon Pro","url":"https:\/\/radonpro.dk\/en\/","logo":{"@type":"ImageObject","inLanguage":"en-US","@id":"https:\/\/radonpro.dk\/en\/#\/schema\/logo\/image\/","url":"","contentUrl":"","caption":"Radon Pro"},"image":{"@id":"https:\/\/radonpro.dk\/en\/#\/schema\/logo\/image\/"}}]}},"_links":{"self":[{"href":"https:\/\/radonpro.dk\/en\/wp-json\/wp\/v2\/pages\/12834","targetHints":{"allow":["GET"]}}],"collection":[{"href":"https:\/\/radonpro.dk\/en\/wp-json\/wp\/v2\/pages"}],"about":[{"href":"https:\/\/radonpro.dk\/en\/wp-json\/wp\/v2\/types\/page"}],"author":[{"embeddable":true,"href":"https:\/\/radonpro.dk\/en\/wp-json\/wp\/v2\/users\/1"}],"replies":[{"embeddable":true,"href":"https:\/\/radonpro.dk\/en\/wp-json\/wp\/v2\/comments?post=12834"}],"version-history":[{"count":9,"href":"https:\/\/radonpro.dk\/en\/wp-json\/wp\/v2\/pages\/12834\/revisions"}],"predecessor-version":[{"id":13382,"href":"https:\/\/radonpro.dk\/en\/wp-json\/wp\/v2\/pages\/12834\/revisions\/13382"}],"up":[{"embeddable":true,"href":"https:\/\/radonpro.dk\/en\/wp-json\/wp\/v2\/pages\/12801"}],"wp:featuredmedia":[{"embeddable":true,"href":"https:\/\/radonpro.dk\/en\/wp-json\/wp\/v2\/media\/12815"}],"wp:attachment":[{"href":"https:\/\/radonpro.dk\/en\/wp-json\/wp\/v2\/media?parent=12834"}],"curies":[{"name":"wp","href":"https:\/\/api.w.org\/{rel}","templated":true}]}}