{"id":11787,"date":"2019-01-13T06:10:03","date_gmt":"2019-01-13T05:10:03","guid":{"rendered":"https:\/\/radonpro.dk\/?page_id=11787"},"modified":"2021-04-29T13:17:36","modified_gmt":"2021-04-29T12:17:36","slug":"find-radon-pro-partner","status":"publish","type":"page","link":"https:\/\/radonpro.dk\/en\/find-radon-pro-partner\/","title":{"rendered":"Find Radon Pro Partner"},"content":{"rendered":"<div class=\"vc_row wpb_row vc_row-fluid no-padding-vc-row vc_custom_1583916720189 vc_row-has-fill vc_row-o-full-height vc_row-o-columns-middle vc_row-flex amz-container-fluid mpc-row\"><div class=\"wpb_column vc_column_container vc_col-sm-12 mpc-column\" data-column-id=\"mpc_column-8869e732afebd4e\"><div class=\"vc_column-inner\"><div class=\"wpb_wrapper\"><div class=\"vc_empty_space\" style=\"height: 30px\"><span class=\"vc_empty_space_inner\"><\/span><\/div><div id=\"ultimate-heading-906969e732afeac2a\" class=\"uvc-heading ult-adjust-bottom-margin ultimate-heading-906969e732afeac2a uvc-9758 shdw\" data-hspacer=\"no_spacer\" data-halign=\"center\" style=\"text-align:center\"><div class=\"uvc-heading-spacer no_spacer\" style=\"top\"><\/div><div class=\"uvc-main-heading ult-responsive\" data-ultimate-target=\".uvc-heading.ultimate-heading-906969e732afeac2a h2\" data-responsive-json-new='{\"font-size\":\"desktop:70px;\",\"line-height\":\"desktop:80px;\"}'><h2 style=\"font-family:'Oswald';font-weight:600;color:#505256;\">DIN LOKALE<\/h2><\/div><\/div><div class=\"vc_empty_space\" style=\"height: 240px\"><span class=\"vc_empty_space_inner\"><\/span><\/div>\n\t<div class=\"wpb_single_image wpb_content_element vc_align_center\">\n\t\t\n\t\t<figure class=\"wpb_wrapper vc_figure\">\n\t\t\t<div class=\"vc_single_image-wrapper   vc_box_border_grey\"><img loading=\"lazy\" decoding=\"async\" width=\"600\" height=\"200\" src=\"https:\/\/radonpro.dk\/wp-content\/uploads\/ProPartnerStor.png\" class=\"vc_single_image-img attachment-full\" alt=\"\" title=\"ProPartnerStor\" srcset=\"https:\/\/radonpro.dk\/wp-content\/uploads\/ProPartnerStor.png 600w, https:\/\/radonpro.dk\/wp-content\/uploads\/ProPartnerStor-150x50.png 150w\" sizes=\"auto, (max-width: 600px) 100vw, 600px\"><\/div>\n\t\t<\/figure>\n\t<\/div>\n<\/div><\/div><\/div><\/div><div class=\"vc_row wpb_row vc_row-fluid vc_row-o-equal-height vc_row-o-content-middle vc_row-flex amz-remove-margin mpc-row\"><div class=\"container\"><div class=\"vc_row vc_row-fluid vc_row-o-equal-height vc_row-o-content-middle vc_row-flex\"><div class=\"wpb_column vc_column_container vc_col-sm-12 mpc-column\" data-column-id=\"mpc_column-7469e732afeff2c\"><div class=\"vc_column-inner\"><div class=\"wpb_wrapper\"><div class=\"vc_row wpb_row vc_inner vc_row-fluid vc_row-o-equal-height vc_row-o-content-top vc_row-flex mpc-row\"><div class=\"wpb_column vc_column_container vc_col-sm-12 mpc-column\" data-column-id=\"mpc_column-1969e732afeeb30\"><div class=\"vc_column-inner\"><div class=\"wpb_wrapper\"><div id=\"ultimate-heading-68569e732afed623\" class=\"uvc-heading ult-adjust-bottom-margin ultimate-heading-68569e732afed623 uvc-9649\" data-hspacer=\"no_spacer\" data-halign=\"center\" style=\"text-align:center\"><div class=\"uvc-heading-spacer no_spacer\" style=\"top\"><\/div><div class=\"uvc-main-heading ult-responsive\" data-ultimate-target=\".uvc-heading.ultimate-heading-68569e732afed623 h2\" data-responsive-json-new='{\"font-size\":\"\",\"line-height\":\"\"}'><h2 style=\"font-weight:bold;\">Vi er i gang med at bygge et netv&aelig;rk op af Radon Pro Partnere i hele Danmark<\/h2><\/div><div class=\"uvc-sub-heading ult-responsive\" data-ultimate-target=\".uvc-heading.ultimate-heading-68569e732afed623 .uvc-sub-heading \" data-responsive-json-new='{\"font-size\":\"\",\"line-height\":\"\"}' style=\"font-weight:normal;\">Der arbejdes derfor p&aring; denne side i &oslash;jeblikket<\/div><\/div><div class=\"vc_separator wpb_content_element vc_separator_align_center vc_sep_width_100 vc_sep_pos_align_center vc_separator_no_text vc_sep_color_grey\"><span class=\"vc_sep_holder vc_sep_holder_l\"><span class=\"vc_sep_line\"><\/span><\/span><span class=\"vc_sep_holder vc_sep_holder_r\"><span class=\"vc_sep_line\"><\/span><\/span>\n<\/div><div data-id=\"mpc_callout-3469e732afee911\" class=\"mpc-callout mpc-init mpc-callout--style_3 hojde\"><div class=\"mpc-callout__icon-wrap mpc-icon--image\"><div class=\"mpc-callout__icon\"><i class=\"mpc-transition\"><img loading=\"lazy\" decoding=\"async\" width=\"301\" height=\"101\" src=\"https:\/\/radonpro.dk\/wp-content\/uploads\/RadonSafe-1.png\" class=\"attachment-full\" alt=\"\" title=\"RadonSafe\" srcset=\"https:\/\/radonpro.dk\/wp-content\/uploads\/RadonSafe-1.png 301w, https:\/\/radonpro.dk\/wp-content\/uploads\/RadonSafe-1-150x50.png 150w\" sizes=\"auto, (max-width: 301px) 100vw, 301px\"><\/i><\/div><\/div><div class=\"mpc-callout__content\"><div class=\"mpc-callout__description\"><p>RadonSafe er baseret i Randers omr&aring;det, de er uddannet med speciale i Radonsikring, og er forl&oslash;berne for et radonfrit Danmark.<\/p>\n<\/div><\/div><div class=\"mpc-callout__button\"><a href=\"https:\/\/radonpro.dk\/en\/bliv-radon-pro-partner\/radon-partner-oestjylland\/randers\/radonsafe\/\" title=\"Link\" data-id=\"mpc_button-2269e732afee980\" class=\"mpc-button mpc-init mpc-transition\"><div class=\"mpc-button__content mpc-effect-type--push_out mpc-effect-side--bottom\"><span class=\"mpc-button__title mpc-transition\">Til deres side<\/span><i class=\"mpc-button__icon mpc-transition  eti eti_arrow_carrot-right\"><\/i><\/div><div class=\"mpc-button__background mpc-transition mpc-effect-type--slide mpc-effect-side--bottom\"><\/div><\/a><\/div><\/div><\/div><\/div><\/div><\/div><div class=\"vc_row wpb_row vc_inner vc_row-fluid vc_custom_1599990693636 mpc-row\"><div class=\"wpb_column vc_column_container vc_col-sm-3 mpc-column\" data-column-id=\"mpc_column-6269e732afef00d\"><div class=\"vc_column-inner\"><div class=\"wpb_wrapper\"><\/div><\/div><\/div><div class=\"wpb_column vc_column_container vc_col-sm-6 mpc-column\" data-column-id=\"mpc_column-269e732afefb97\"><div class=\"vc_column-inner\"><div class=\"wpb_wrapper\"><div class=\"gradient-text-con align-left\"><div class=\"gradient-text\" style=\"color:#f7931e;\t\t\t\t\t    background: -webkit-linear-gradient(left, #f7931e,#ff6000);background-color:transparent;font-size: 32px;\">Vores n&aelig;ste Radon Pro Partner?<\/div><\/div><div class=\"vc_separator wpb_content_element vc_separator_align_center vc_sep_width_100 vc_sep_pos_align_center vc_separator_no_text vc_sep_color_grey\"><span class=\"vc_sep_holder vc_sep_holder_l\"><span class=\"vc_sep_line\"><\/span><\/span><span class=\"vc_sep_holder vc_sep_holder_r\"><span class=\"vc_sep_line\"><\/span><\/span>\n<\/div>\n\t<div class=\"wpb_text_column wpb_content_element\">\n\t\t<div class=\"wpb_wrapper\">\n\t\t\t<p>Driver du en virksomhed og har mod p&aring; at g&oslash;re en forskel i dit lokalomr&aring;de, s&aring; ans&oslash;g om at blive Radon Pro Partner &ndash; her er hvad det kan betyde for dig, din virksomhed og menneskerne omkring dig&hellip;<\/p>\n\n\t\t<\/div>\n\t<\/div>\n<a href=\"https:\/\/radonpro.dk\/en\/bliv-radon-pro-partner\/\" title=\"Se fordelene her\" data-id=\"mpc_button-469e732afefae0\" class=\"mpc-button mpc-init mpc-transition mpc-display--block\"><div class=\"mpc-button__content mpc-effect-type--none mpc-effect-side--none\"><span class=\"mpc-button__title mpc-transition\">Se fordelene her<\/span><\/div><div class=\"mpc-button__background mpc-transition mpc-effect-type--fade mpc-effect-side--in\"><\/div><\/a><\/div><\/div><\/div><div class=\"wpb_column vc_column_container vc_col-sm-3 mpc-column\" data-column-id=\"mpc_column-169e732afefd1e\"><div class=\"vc_column-inner\"><div class=\"wpb_wrapper\"><\/div><\/div><\/div><\/div><\/div><\/div><\/div><\/div><\/div><\/div><div class=\"vc_row wpb_row vc_row-fluid container mpc-row\"><div class=\"wpb_column vc_column_container vc_col-sm-12 mpc-column\" data-column-id=\"mpc_column-8069e732aff056c\"><div class=\"vc_column-inner\"><div class=\"wpb_wrapper\"><\/div><\/div><\/div><\/div><div class=\"vc_row wpb_row vc_row-fluid container mpc-row\"><div class=\"wpb_column vc_column_container vc_col-sm-12 mpc-column\" data-column-id=\"mpc_column-9169e732aff08dc\"><div class=\"vc_column-inner\"><div class=\"wpb_wrapper\"><\/div><\/div><\/div><\/div><div class=\"vc_row wpb_row vc_row-fluid light no-padding-vc-row vc_custom_1582080779698 vc_row-has-fill amz-remove-margin mpc-row\"><div class=\"container\"><div class=\"vc_row vc_row-fluid vc_row-has-fill\"><div class=\"wpb_column vc_column_container vc_col-sm-12 mpc-column\" data-column-id=\"mpc_column-9969e732aff27e4\"><div class=\"vc_column-inner\"><div class=\"wpb_wrapper\"><div class=\"gradient-text-con align-left\"><div class=\"gradient-text\" style=\"color:#f7931e;\t\t\t\t\t    background: -webkit-linear-gradient(left, #f7931e,#ff6000);background-color:transparent;font-size: 42px;\">Befinder du dig et specielt udsat omr&aring;de?<\/div><\/div>\n\t<div class=\"wpb_text_column wpb_content_element\">\n\t\t<div class=\"wpb_wrapper\">\n\t\t\t<p>Se hvor p&aring; kortet du befinder dig og afkod farvekoden i skemaet til h&oslash;jre.<\/p>\n\n\t\t<\/div>\n\t<\/div>\n<div class=\"vc_empty_space\" style=\"height: 35px\"><span class=\"vc_empty_space_inner\"><\/span><\/div><div class=\"vc_row wpb_row vc_inner vc_row-fluid vc_row-o-content-middle vc_row-flex mpc-row\"><div class=\"wpb_column vc_column_container vc_col-sm-6 mpc-column\" data-column-id=\"mpc_column-8569e732aff13e9\"><div class=\"vc_column-inner\"><div class=\"wpb_wrapper\">\n\t<div class=\"wpb_single_image wpb_content_element vc_align_left\">\n\t\t\n\t\t<figure class=\"wpb_wrapper vc_figure\">\n\t\t\t<div class=\"vc_single_image-wrapper   vc_box_border_grey\"><img decoding=\"async\" class=\"vc_single_image-img\" src=\"https:\/\/aquadry.dk\/wp-content\/uploads\/radonkort2.png\"><\/div>\n\t\t<\/figure>\n\t<\/div>\n<\/div><\/div><\/div><div class=\"wpb_column vc_column_container vc_col-sm-6 mpc-column\" data-column-id=\"mpc_column-3769e732aff1a12\"><div class=\"vc_column-inner\"><div class=\"wpb_wrapper\"><div class=\"stats-block stats-left\"><div class=\"aio-icon-left\"><div class=\"ult-just-icon-wrapper\"><div class=\"align-icon\" style=\"text-align:center;\">\n<div class=\"aio-icon none\" style=\"color:#2ac729;font-size:44px;display:inline-block;\">\n\t<i class=\"Defaults-circle\"><\/i>\n<\/div><\/div><\/div><\/div><div class=\"stats-desc\" id=\"counter-responsv-wrap-3160\"><div class=\"counter_prefix mycust ult-responsive\" data-ultimate-target=\"#counter-responsv-wrap-3160 .mycust\" data-responsive-json-new='{\"font-size\":\"\",\"line-height\":\"\"}' style=\"font-size:28px; color:#ffffff\">Mindre end<\/div><div id=\"counter_292555363969e732aff1679\" data-id=\"counter_292555363969e732aff1679\" data-ultimate-target=\"#counter-responsv-wrap-3160 .stats-number\" data-responsive-json-new='{\"font-size\":\"\",\"line-height\":\"\"}' class=\"stats-number ult-responsive\" style=\"font-size:28px; color:#ffffff; color:#ffffff;\" data-speed=\"3\" data-counter-value=\"0.3\" data-separator=\",\" data-decimal=\",\">0<\/div><div class=\"counter_suffix mycust ult-responsive\" data-ultimate-target=\"#counter-responsv-wrap-3160 .mycust\" data-responsive-json-new='{\"font-size\":\"\",\"line-height\":\"\"}' style=\"font-size:28px; color:#ffffff\">%<\/div><div id=\"counter_292555363969e732aff1679\" data-ultimate-target=\"#counter-responsv-wrap-3160 .stats-text\" data-responsive-json-new='{\"font-size\":\"\",\"line-height\":\"\"}' class=\"stats-text ult-responsive\" style=\"font-size:18px; color:#ffffff; \">Risiko klasse 0 - mindre end 0,3% af husstandene i omr&aring;det vurderes at have et radonniveau p&aring; 200 Bq\/m3 eller mere.<\/div><\/div><\/div><div class=\"stats-block stats-left\"><div class=\"aio-icon-left\"><div class=\"ult-just-icon-wrapper\"><div class=\"align-icon\" style=\"text-align:center;\">\n<div class=\"aio-icon none\" style=\"color:#7bc728;font-size:44px;display:inline-block;\">\n\t<i class=\"Defaults-circle\"><\/i>\n<\/div><\/div><\/div><\/div><div class=\"stats-desc\" id=\"counter-responsv-wrap-5727\"><div class=\"counter_prefix mycust ult-responsive\" data-ultimate-target=\"#counter-responsv-wrap-5727 .mycust\" data-responsive-json-new='{\"font-size\":\"\",\"line-height\":\"\"}' style=\"font-size:28px; color:#ffffff\">0,3-<\/div><div id=\"counter_23167145269e732aff1709\" data-id=\"counter_23167145269e732aff1709\" data-ultimate-target=\"#counter-responsv-wrap-5727 .stats-number\" data-responsive-json-new='{\"font-size\":\"\",\"line-height\":\"\"}' class=\"stats-number ult-responsive\" style=\"font-size:28px; color:#ffffff; color:#ffffff;\" data-speed=\"3\" data-counter-value=\"1\" data-separator=\",\" data-decimal=\",\">0<\/div><div class=\"counter_suffix mycust ult-responsive\" data-ultimate-target=\"#counter-responsv-wrap-5727 .mycust\" data-responsive-json-new='{\"font-size\":\"\",\"line-height\":\"\"}' style=\"font-size:28px; color:#ffffff\">%<\/div><div id=\"counter_23167145269e732aff1709\" data-ultimate-target=\"#counter-responsv-wrap-5727 .stats-text\" data-responsive-json-new='{\"font-size\":\"\",\"line-height\":\"\"}' class=\"stats-text ult-responsive\" style=\"font-size:18px; color:#ffffff; \">Risiko klasse 1 - 0.3-1% af husstandene i omr&aring;det vurderes at have et radonniveau p&aring; 200 Bq\/m3 eller mere.<\/div><\/div><\/div><div class=\"stats-block stats-left\"><div class=\"aio-icon-left\"><div class=\"ult-just-icon-wrapper\"><div class=\"align-icon\" style=\"text-align:center;\">\n<div class=\"aio-icon none\" style=\"color:#dddd28;font-size:44px;display:inline-block;\">\n\t<i class=\"Defaults-circle\"><\/i>\n<\/div><\/div><\/div><\/div><div class=\"stats-desc\" id=\"counter-responsv-wrap-3254\"><div class=\"counter_prefix mycust ult-responsive\" data-ultimate-target=\"#counter-responsv-wrap-3254 .mycust\" data-responsive-json-new='{\"font-size\":\"\",\"line-height\":\"\"}' style=\"font-size:28px; color:#ffffff\">1-<\/div><div id=\"counter_165135227569e732aff1797\" data-id=\"counter_165135227569e732aff1797\" data-ultimate-target=\"#counter-responsv-wrap-3254 .stats-number\" data-responsive-json-new='{\"font-size\":\"\",\"line-height\":\"\"}' class=\"stats-number ult-responsive\" style=\"font-size:28px; color:#ffffff; color:#ffffff;\" data-speed=\"1\" data-counter-value=\"3\" data-separator=\",\" data-decimal=\",\">0<\/div><div class=\"counter_suffix mycust ult-responsive\" data-ultimate-target=\"#counter-responsv-wrap-3254 .mycust\" data-responsive-json-new='{\"font-size\":\"\",\"line-height\":\"\"}' style=\"font-size:28px; color:#ffffff\">%<\/div><div id=\"counter_165135227569e732aff1797\" data-ultimate-target=\"#counter-responsv-wrap-3254 .stats-text\" data-responsive-json-new='{\"font-size\":\"\",\"line-height\":\"\"}' class=\"stats-text ult-responsive\" style=\"font-size:18px; color:#ffffff; \">Risiko klasse 2 - 1-3% af husstandene i omr&aring;det vurderes at have et radonniveau p&aring; 200 Bq\/m3 eller mere.<\/div><\/div><\/div><div class=\"stats-block stats-left\"><div class=\"aio-icon-left\"><div class=\"ult-just-icon-wrapper\"><div class=\"align-icon\" style=\"text-align:center;\">\n<div class=\"aio-icon none\" style=\"color:#dc8328;font-size:44px;display:inline-block;\">\n\t<i class=\"Defaults-circle\"><\/i>\n<\/div><\/div><\/div><\/div><div class=\"stats-desc\" id=\"counter-responsv-wrap-8759\"><div class=\"counter_prefix mycust ult-responsive\" data-ultimate-target=\"#counter-responsv-wrap-8759 .mycust\" data-responsive-json-new='{\"font-size\":\"\",\"line-height\":\"\"}' style=\"font-size:28px; color:#ffffff\">Op til<\/div><div id=\"counter_157702985869e732aff1815\" data-id=\"counter_157702985869e732aff1815\" data-ultimate-target=\"#counter-responsv-wrap-8759 .stats-number\" data-responsive-json-new='{\"font-size\":\"\",\"line-height\":\"\"}' class=\"stats-number ult-responsive\" style=\"font-size:28px; color:#ffffff; color:#ffffff;\" data-speed=\"3\" data-counter-value=\"10\" data-separator=\",\" data-decimal=\",\">0<\/div><div class=\"counter_suffix mycust ult-responsive\" data-ultimate-target=\"#counter-responsv-wrap-8759 .mycust\" data-responsive-json-new='{\"font-size\":\"\",\"line-height\":\"\"}' style=\"font-size:28px; color:#ffffff\">%<\/div><div id=\"counter_157702985869e732aff1815\" data-ultimate-target=\"#counter-responsv-wrap-8759 .stats-text\" data-responsive-json-new='{\"font-size\":\"\",\"line-height\":\"\"}' class=\"stats-text ult-responsive\" style=\"font-size:18px; color:#ffffff; \">Risiko klasse 3 - 3-10% af husstandene i omr&aring;det vurderes at have et radonniveau p&aring; 200 Bq\/m3 eller mere.<\/div><\/div><\/div><div class=\"stats-block stats-left\"><div class=\"aio-icon-left\"><div class=\"ult-just-icon-wrapper\"><div class=\"align-icon\" style=\"text-align:center;\">\n<div class=\"aio-icon none\" style=\"color:#da2725;font-size:44px;display:inline-block;\">\n\t<i class=\"Defaults-circle\"><\/i>\n<\/div><\/div><\/div><\/div><div class=\"stats-desc\" id=\"counter-responsv-wrap-3369\"><div class=\"counter_prefix mycust ult-responsive\" data-ultimate-target=\"#counter-responsv-wrap-3369 .mycust\" data-responsive-json-new='{\"font-size\":\"\",\"line-height\":\"\"}' style=\"font-size:28px; color:#ffffff\">Over<\/div><div id=\"counter_363215092069e732aff188f\" data-id=\"counter_363215092069e732aff188f\" data-ultimate-target=\"#counter-responsv-wrap-3369 .stats-number\" data-responsive-json-new='{\"font-size\":\"\",\"line-height\":\"\"}' class=\"stats-number ult-responsive\" style=\"font-size:28px; color:#ffffff; color:#ffffff;\" data-speed=\"3\" data-counter-value=\"10\" data-separator=\",\" data-decimal=\",\">0<\/div><div class=\"counter_suffix mycust ult-responsive\" data-ultimate-target=\"#counter-responsv-wrap-3369 .mycust\" data-responsive-json-new='{\"font-size\":\"\",\"line-height\":\"\"}' style=\"font-size:28px; color:#ffffff\">%<\/div><div id=\"counter_363215092069e732aff188f\" data-ultimate-target=\"#counter-responsv-wrap-3369 .stats-text\" data-responsive-json-new='{\"font-size\":\"\",\"line-height\":\"\"}' class=\"stats-text ult-responsive\" style=\"font-size:18px; color:#ffffff; \">Risiko klasse 4 - mere end 10%, og helt op til 30% af husstandene i omr&aring;det vurderes at have et radonniveau p&aring; 200 Bq\/m3 eller mere.<\/div><\/div><\/div><\/div><\/div><\/div><\/div><div class=\"vc_empty_space\" style=\"height: 35px\"><span class=\"vc_empty_space_inner\"><\/span><\/div><div class=\"vc_row wpb_row vc_inner vc_row-fluid vc_custom_1582080908210 mpc-row\"><div class=\"wpb_column vc_column_container vc_col-sm-2 mpc-column\" data-column-id=\"mpc_column-2169e732aff2141\"><div class=\"vc_column-inner\"><div class=\"wpb_wrapper\"><\/div><\/div><\/div><div class=\"wpb_column vc_column_container vc_col-sm-8 mpc-column\" data-column-id=\"mpc_column-9769e732aff23ec\"><div class=\"vc_column-inner\"><div class=\"wpb_wrapper\"><div data-cookie=\"mpc-alert-11787-0\" data-id=\"mpc_alert-8369e732aff230e\" class=\"mpc-alert mpc-init mpc-transition mpc-typography--mpc_preset_19\"><div class=\"mpc-alert__icon\"><i class=\"mpc-alert__icon-content mpc-transition eti eti_error-circle_alt\"><\/i><\/div><div class=\"mpc-alert__content\"><p>OBS! Ny lovgivning s&aelig;tter h&oslash;jeste gr&aelig;nse for tilladt Bq\/m&sup3; p&aring; 100!<br>\nDerfor er de forventede tal ovenfor eksponentiel h&oslash;jere i virkligheden.<\/p>\n<\/div><\/div><\/div><\/div><\/div><div class=\"wpb_column vc_column_container vc_col-sm-2 mpc-column\" data-column-id=\"mpc_column-7669e732aff2536\"><div class=\"vc_column-inner\"><div class=\"wpb_wrapper\"><\/div><\/div><\/div><\/div><\/div><\/div><\/div><\/div><\/div><\/div>","protected":false},"excerpt":{"rendered":"DIN LOKALE Vi er i gang med at bygge et netv&aelig;rk op af Radon Pro Partnere i hele DanmarkDer arbejdes derfor p&aring; denne side i &oslash;jeblikket RadonSafe er baseret i Randers omr&aring;det, de er uddannet med speciale i Radonsikring, og","protected":false},"author":1,"featured_media":0,"parent":0,"menu_order":0,"comment_status":"closed","ping_status":"closed","template":"","meta":{"content-type":"","_monsterinsights_skip_tracking":false,"_monsterinsights_sitenote_active":false,"_monsterinsights_sitenote_note":"","_monsterinsights_sitenote_category":0,"footnotes":""},"class_list":["post-11787","page","type-page","status-publish","hentry"],"yoast_head":"<!-- This site is optimized with the Yoast SEO plugin v27.4 - https:\/\/yoast.com\/product\/yoast-seo-wordpress\/ -->\n<title>Find Radon Pro Partner - Radon Pro<\/title>\n<meta name=\"description\" content=\"Driver du en virksomhed og har mod p\u00e5 at g\u00f8re en forskel i dit lokalomr\u00e5de, s\u00e5 ans\u00f8g om at blive Radon Pro Partner\" \/>\n<meta name=\"robots\" content=\"index, follow, max-snippet:-1, max-image-preview:large, max-video-preview:-1\" \/>\n<link rel=\"canonical\" href=\"https:\/\/radonpro.dk\/en\/find-radon-pro-partner\/\" \/>\n<meta property=\"og:locale\" content=\"en_US\" \/>\n<meta property=\"og:type\" content=\"article\" \/>\n<meta property=\"og:title\" content=\"Find Radon Pro Partner - Radon Pro\" \/>\n<meta property=\"og:description\" content=\"Driver du en virksomhed og har mod p\u00e5 at g\u00f8re en forskel i dit lokalomr\u00e5de, s\u00e5 ans\u00f8g om at blive Radon Pro Partner\" \/>\n<meta property=\"og:url\" content=\"https:\/\/radonpro.dk\/en\/find-radon-pro-partner\/\" \/>\n<meta property=\"og:site_name\" content=\"Radon Pro\" \/>\n<meta property=\"article:modified_time\" content=\"2021-04-29T12:17:36+00:00\" \/>\n<meta name=\"twitter:card\" content=\"summary_large_image\" \/>\n<meta name=\"twitter:label1\" content=\"Est. reading time\" \/>\n\t<meta name=\"twitter:data1\" content=\"3 minutes\" \/>\n<script type=\"application\/ld+json\" class=\"yoast-schema-graph\">{\"@context\":\"https:\\\/\\\/schema.org\",\"@graph\":[{\"@type\":\"WebPage\",\"@id\":\"https:\\\/\\\/radonpro.dk\\\/find-radon-pro-partner\\\/\",\"url\":\"https:\\\/\\\/radonpro.dk\\\/find-radon-pro-partner\\\/\",\"name\":\"Find Radon Pro Partner - Radon Pro\",\"isPartOf\":{\"@id\":\"https:\\\/\\\/radonpro.dk\\\/en\\\/#website\"},\"datePublished\":\"2019-01-13T05:10:03+00:00\",\"dateModified\":\"2021-04-29T12:17:36+00:00\",\"description\":\"Driver du en virksomhed og har mod p\u00e5 at g\u00f8re en forskel i dit lokalomr\u00e5de, s\u00e5 ans\u00f8g om at blive Radon Pro Partner\",\"breadcrumb\":{\"@id\":\"https:\\\/\\\/radonpro.dk\\\/find-radon-pro-partner\\\/#breadcrumb\"},\"inLanguage\":\"en-US\",\"potentialAction\":[{\"@type\":\"ReadAction\",\"target\":[\"https:\\\/\\\/radonpro.dk\\\/find-radon-pro-partner\\\/\"]}]},{\"@type\":\"BreadcrumbList\",\"@id\":\"https:\\\/\\\/radonpro.dk\\\/find-radon-pro-partner\\\/#breadcrumb\",\"itemListElement\":[{\"@type\":\"ListItem\",\"position\":1,\"name\":\"Hjem\",\"item\":\"https:\\\/\\\/radonpro.dk\\\/\"},{\"@type\":\"ListItem\",\"position\":2,\"name\":\"Find Radon Pro Partner\"}]},{\"@type\":\"WebSite\",\"@id\":\"https:\\\/\\\/radonpro.dk\\\/en\\\/#website\",\"url\":\"https:\\\/\\\/radonpro.dk\\\/en\\\/\",\"name\":\"Radon Pro\",\"description\":\"Radon Pro\",\"publisher\":{\"@id\":\"https:\\\/\\\/radonpro.dk\\\/en\\\/#organization\"},\"potentialAction\":[{\"@type\":\"SearchAction\",\"target\":{\"@type\":\"EntryPoint\",\"urlTemplate\":\"https:\\\/\\\/radonpro.dk\\\/en\\\/?s={search_term_string}\"},\"query-input\":{\"@type\":\"PropertyValueSpecification\",\"valueRequired\":true,\"valueName\":\"search_term_string\"}}],\"inLanguage\":\"en-US\"},{\"@type\":\"Organization\",\"@id\":\"https:\\\/\\\/radonpro.dk\\\/en\\\/#organization\",\"name\":\"Radon Pro\",\"url\":\"https:\\\/\\\/radonpro.dk\\\/en\\\/\",\"logo\":{\"@type\":\"ImageObject\",\"inLanguage\":\"en-US\",\"@id\":\"https:\\\/\\\/radonpro.dk\\\/en\\\/#\\\/schema\\\/logo\\\/image\\\/\",\"url\":\"\",\"contentUrl\":\"\",\"caption\":\"Radon Pro\"},\"image\":{\"@id\":\"https:\\\/\\\/radonpro.dk\\\/en\\\/#\\\/schema\\\/logo\\\/image\\\/\"}}]}<\/script>\n<!-- \/ Yoast SEO plugin. -->","yoast_head_json":{"title":"Find Radon Pro Partner - Radon Pro","description":"Driver du en virksomhed og har mod p\u00e5 at g\u00f8re en forskel i dit lokalomr\u00e5de, s\u00e5 ans\u00f8g om at blive Radon Pro Partner","robots":{"index":"index","follow":"follow","max-snippet":"max-snippet:-1","max-image-preview":"max-image-preview:large","max-video-preview":"max-video-preview:-1"},"canonical":"https:\/\/radonpro.dk\/en\/find-radon-pro-partner\/","og_locale":"en_US","og_type":"article","og_title":"Find Radon Pro Partner - Radon Pro","og_description":"Driver du en virksomhed og har mod p\u00e5 at g\u00f8re en forskel i dit lokalomr\u00e5de, s\u00e5 ans\u00f8g om at blive Radon Pro Partner","og_url":"https:\/\/radonpro.dk\/en\/find-radon-pro-partner\/","og_site_name":"Radon Pro","article_modified_time":"2021-04-29T12:17:36+00:00","twitter_card":"summary_large_image","twitter_misc":{"Est. reading time":"3 minutes"},"schema":{"@context":"https:\/\/schema.org","@graph":[{"@type":"WebPage","@id":"https:\/\/radonpro.dk\/find-radon-pro-partner\/","url":"https:\/\/radonpro.dk\/find-radon-pro-partner\/","name":"Find Radon Pro Partner - Radon Pro","isPartOf":{"@id":"https:\/\/radonpro.dk\/en\/#website"},"datePublished":"2019-01-13T05:10:03+00:00","dateModified":"2021-04-29T12:17:36+00:00","description":"Driver du en virksomhed og har mod p\u00e5 at g\u00f8re en forskel i dit lokalomr\u00e5de, s\u00e5 ans\u00f8g om at blive Radon Pro Partner","breadcrumb":{"@id":"https:\/\/radonpro.dk\/find-radon-pro-partner\/#breadcrumb"},"inLanguage":"en-US","potentialAction":[{"@type":"ReadAction","target":["https:\/\/radonpro.dk\/find-radon-pro-partner\/"]}]},{"@type":"BreadcrumbList","@id":"https:\/\/radonpro.dk\/find-radon-pro-partner\/#breadcrumb","itemListElement":[{"@type":"ListItem","position":1,"name":"Hjem","item":"https:\/\/radonpro.dk\/"},{"@type":"ListItem","position":2,"name":"Find Radon Pro Partner"}]},{"@type":"WebSite","@id":"https:\/\/radonpro.dk\/en\/#website","url":"https:\/\/radonpro.dk\/en\/","name":"Radon Pro","description":"Radon Pro","publisher":{"@id":"https:\/\/radonpro.dk\/en\/#organization"},"potentialAction":[{"@type":"SearchAction","target":{"@type":"EntryPoint","urlTemplate":"https:\/\/radonpro.dk\/en\/?s={search_term_string}"},"query-input":{"@type":"PropertyValueSpecification","valueRequired":true,"valueName":"search_term_string"}}],"inLanguage":"en-US"},{"@type":"Organization","@id":"https:\/\/radonpro.dk\/en\/#organization","name":"Radon Pro","url":"https:\/\/radonpro.dk\/en\/","logo":{"@type":"ImageObject","inLanguage":"en-US","@id":"https:\/\/radonpro.dk\/en\/#\/schema\/logo\/image\/","url":"","contentUrl":"","caption":"Radon Pro"},"image":{"@id":"https:\/\/radonpro.dk\/en\/#\/schema\/logo\/image\/"}}]}},"_links":{"self":[{"href":"https:\/\/radonpro.dk\/en\/wp-json\/wp\/v2\/pages\/11787","targetHints":{"allow":["GET"]}}],"collection":[{"href":"https:\/\/radonpro.dk\/en\/wp-json\/wp\/v2\/pages"}],"about":[{"href":"https:\/\/radonpro.dk\/en\/wp-json\/wp\/v2\/types\/page"}],"author":[{"embeddable":true,"href":"https:\/\/radonpro.dk\/en\/wp-json\/wp\/v2\/users\/1"}],"replies":[{"embeddable":true,"href":"https:\/\/radonpro.dk\/en\/wp-json\/wp\/v2\/comments?post=11787"}],"version-history":[{"count":48,"href":"https:\/\/radonpro.dk\/en\/wp-json\/wp\/v2\/pages\/11787\/revisions"}],"predecessor-version":[{"id":13782,"href":"https:\/\/radonpro.dk\/en\/wp-json\/wp\/v2\/pages\/11787\/revisions\/13782"}],"wp:attachment":[{"href":"https:\/\/radonpro.dk\/en\/wp-json\/wp\/v2\/media?parent=11787"}],"curies":[{"name":"wp","href":"https:\/\/api.w.org\/{rel}","templated":true}]}}